{"id":1568,"date":"2020-03-02T19:31:17","date_gmt":"2020-03-02T19:31:17","guid":{"rendered":"https:\/\/vampa.eu\/about-us\/mission-vision\/"},"modified":"2023-01-31T14:02:42","modified_gmt":"2023-01-31T14:02:42","slug":"missione-visione","status":"publish","type":"page","link":"https:\/\/vampa.eu\/it\/chi-siamo\/missione-visione\/","title":{"rendered":"Missione &#038; Visione"},"content":{"rendered":"<p><strong>La Nostra Missione<\/strong> \u00e8 quella di organizzare e gestire le richieste dei clienti in tempi brevi, assicurandoci che le navi siano conformi e pronte per essere operative entro la scadenza stabilita.<\/p>\n<p><strong>La Nostra Visione<\/strong> \u00e8 quella di garantire una costante adattabilit\u00e0 alle esigenze del settore. L&#8217;espansione con <a href=\"https:\/\/groupcaim.com\/it\/\">Caim Group<\/a> \u00e8 nei nostri piani: questo ci consentir\u00e0 di soddisfare i clienti provenienti da pi\u00f9 sedi globali.<\/p>\n","protected":false},"excerpt":{"rendered":"<p>La Nostra Missione \u00e8 quella di organizzare e gestire le richieste dei clienti in tempi brevi, assicurandoci che le navi siano conformi e pronte per essere operative entro la scadenza stabilita. La Nostra Visione \u00e8 quella di garantire una costante adattabilit\u00e0 alle esigenze del settore. L&#8217;espansione con Caim Group \u00e8 nei nostri piani: questo ci [&hellip;]<\/p>\n","protected":false},"author":1,"featured_media":0,"parent":1567,"menu_order":0,"comment_status":"closed","ping_status":"closed","template":"templates\/template-full-width.php","meta":[],"acf":[],"yoast_head":"<!-- This site is optimized with the Yoast SEO plugin v21.8.1 - https:\/\/yoast.com\/wordpress\/plugins\/seo\/ -->\n<title>Missione &amp; Visione - Vampa<\/title>\n<meta name=\"description\" content=\"Organizziamo e gestiamo le richieste dei clienti in tempi brevi. Inoltre, garantiamo una costante adattabilit\u00e0 alle esigenze del settore.\" \/>\n<meta name=\"robots\" content=\"index, follow, max-snippet:-1, max-image-preview:large, max-video-preview:-1\" \/>\n<link rel=\"canonical\" href=\"https:\/\/vampa.eu\/it\/chi-siamo\/missione-visione\/\" \/>\n<meta property=\"og:locale\" content=\"it_IT\" \/>\n<meta property=\"og:type\" content=\"article\" \/>\n<meta property=\"og:title\" content=\"Missione &amp; Visione - Vampa\" \/>\n<meta property=\"og:description\" content=\"Organizziamo e gestiamo le richieste dei clienti in tempi brevi. Inoltre, garantiamo una costante adattabilit\u00e0 alle esigenze del settore.\" \/>\n<meta property=\"og:url\" content=\"https:\/\/vampa.eu\/it\/chi-siamo\/missione-visione\/\" \/>\n<meta property=\"og:site_name\" content=\"Vampa\" \/>\n<meta property=\"article:modified_time\" content=\"2023-01-31T14:02:42+00:00\" \/>\n<meta name=\"twitter:card\" content=\"summary_large_image\" \/>\n<meta name=\"twitter:label1\" content=\"Tempo di lettura stimato\" \/>\n\t<meta name=\"twitter:data1\" content=\"1 minuto\" \/>\n<script type=\"application\/ld+json\" class=\"yoast-schema-graph\">{\"@context\":\"https:\/\/schema.org\",\"@graph\":[{\"@type\":\"WebPage\",\"@id\":\"https:\/\/vampa.eu\/it\/chi-siamo\/missione-visione\/\",\"url\":\"https:\/\/vampa.eu\/it\/chi-siamo\/missione-visione\/\",\"name\":\"Missione & Visione - Vampa\",\"isPartOf\":{\"@id\":\"https:\/\/vampa.eu\/#website\"},\"datePublished\":\"2020-03-02T19:31:17+00:00\",\"dateModified\":\"2023-01-31T14:02:42+00:00\",\"description\":\"Organizziamo e gestiamo le richieste dei clienti in tempi brevi. Inoltre, garantiamo una costante adattabilit\u00e0 alle esigenze del settore.\",\"breadcrumb\":{\"@id\":\"https:\/\/vampa.eu\/it\/chi-siamo\/missione-visione\/#breadcrumb\"},\"inLanguage\":\"it-IT\",\"potentialAction\":[{\"@type\":\"ReadAction\",\"target\":[\"https:\/\/vampa.eu\/it\/chi-siamo\/missione-visione\/\"]}]},{\"@type\":\"BreadcrumbList\",\"@id\":\"https:\/\/vampa.eu\/it\/chi-siamo\/missione-visione\/#breadcrumb\",\"itemListElement\":[{\"@type\":\"ListItem\",\"position\":1,\"name\":\"Home\",\"item\":\"https:\/\/vampa.eu\/it\/\"},{\"@type\":\"ListItem\",\"position\":2,\"name\":\"Chi Siamo\",\"item\":\"https:\/\/vampa.eu\/it\/chi-siamo\/\"},{\"@type\":\"ListItem\",\"position\":3,\"name\":\"Missione &#038; Visione\"}]},{\"@type\":\"WebSite\",\"@id\":\"https:\/\/vampa.eu\/#website\",\"url\":\"https:\/\/vampa.eu\/\",\"name\":\"Vampa\",\"description\":\"\",\"publisher\":{\"@id\":\"https:\/\/vampa.eu\/#organization\"},\"potentialAction\":[{\"@type\":\"SearchAction\",\"target\":{\"@type\":\"EntryPoint\",\"urlTemplate\":\"https:\/\/vampa.eu\/?s={search_term_string}\"},\"query-input\":\"required name=search_term_string\"}],\"inLanguage\":\"it-IT\"},{\"@type\":\"Organization\",\"@id\":\"https:\/\/vampa.eu\/#organization\",\"name\":\"Generalmarine srl\",\"url\":\"https:\/\/vampa.eu\/\",\"logo\":{\"@type\":\"ImageObject\",\"inLanguage\":\"it-IT\",\"@id\":\"https:\/\/vampa.eu\/#\/schema\/logo\/image\/\",\"url\":\"https:\/\/vampa.eu\/wp-content\/uploads\/2020\/09\/log-gm.png\",\"contentUrl\":\"https:\/\/vampa.eu\/wp-content\/uploads\/2020\/09\/log-gm.png\",\"width\":435,\"height\":80,\"caption\":\"Generalmarine srl\"},\"image\":{\"@id\":\"https:\/\/vampa.eu\/#\/schema\/logo\/image\/\"},\"sameAs\":[\"https:\/\/www.linkedin.com\/company\/generalmarine\/\"]}]}<\/script>\n<!-- \/ Yoast SEO plugin. -->","yoast_head_json":{"title":"Missione & Visione - Vampa","description":"Organizziamo e gestiamo le richieste dei clienti in tempi brevi. Inoltre, garantiamo una costante adattabilit\u00e0 alle esigenze del settore.","robots":{"index":"index","follow":"follow","max-snippet":"max-snippet:-1","max-image-preview":"max-image-preview:large","max-video-preview":"max-video-preview:-1"},"canonical":"https:\/\/vampa.eu\/it\/chi-siamo\/missione-visione\/","og_locale":"it_IT","og_type":"article","og_title":"Missione & Visione - Vampa","og_description":"Organizziamo e gestiamo le richieste dei clienti in tempi brevi. Inoltre, garantiamo una costante adattabilit\u00e0 alle esigenze del settore.","og_url":"https:\/\/vampa.eu\/it\/chi-siamo\/missione-visione\/","og_site_name":"Vampa","article_modified_time":"2023-01-31T14:02:42+00:00","twitter_card":"summary_large_image","twitter_misc":{"Tempo di lettura stimato":"1 minuto"},"schema":{"@context":"https:\/\/schema.org","@graph":[{"@type":"WebPage","@id":"https:\/\/vampa.eu\/it\/chi-siamo\/missione-visione\/","url":"https:\/\/vampa.eu\/it\/chi-siamo\/missione-visione\/","name":"Missione & Visione - Vampa","isPartOf":{"@id":"https:\/\/vampa.eu\/#website"},"datePublished":"2020-03-02T19:31:17+00:00","dateModified":"2023-01-31T14:02:42+00:00","description":"Organizziamo e gestiamo le richieste dei clienti in tempi brevi. Inoltre, garantiamo una costante adattabilit\u00e0 alle esigenze del settore.","breadcrumb":{"@id":"https:\/\/vampa.eu\/it\/chi-siamo\/missione-visione\/#breadcrumb"},"inLanguage":"it-IT","potentialAction":[{"@type":"ReadAction","target":["https:\/\/vampa.eu\/it\/chi-siamo\/missione-visione\/"]}]},{"@type":"BreadcrumbList","@id":"https:\/\/vampa.eu\/it\/chi-siamo\/missione-visione\/#breadcrumb","itemListElement":[{"@type":"ListItem","position":1,"name":"Home","item":"https:\/\/vampa.eu\/it\/"},{"@type":"ListItem","position":2,"name":"Chi Siamo","item":"https:\/\/vampa.eu\/it\/chi-siamo\/"},{"@type":"ListItem","position":3,"name":"Missione &#038; Visione"}]},{"@type":"WebSite","@id":"https:\/\/vampa.eu\/#website","url":"https:\/\/vampa.eu\/","name":"Vampa","description":"","publisher":{"@id":"https:\/\/vampa.eu\/#organization"},"potentialAction":[{"@type":"SearchAction","target":{"@type":"EntryPoint","urlTemplate":"https:\/\/vampa.eu\/?s={search_term_string}"},"query-input":"required name=search_term_string"}],"inLanguage":"it-IT"},{"@type":"Organization","@id":"https:\/\/vampa.eu\/#organization","name":"Generalmarine srl","url":"https:\/\/vampa.eu\/","logo":{"@type":"ImageObject","inLanguage":"it-IT","@id":"https:\/\/vampa.eu\/#\/schema\/logo\/image\/","url":"https:\/\/vampa.eu\/wp-content\/uploads\/2020\/09\/log-gm.png","contentUrl":"https:\/\/vampa.eu\/wp-content\/uploads\/2020\/09\/log-gm.png","width":435,"height":80,"caption":"Generalmarine srl"},"image":{"@id":"https:\/\/vampa.eu\/#\/schema\/logo\/image\/"},"sameAs":["https:\/\/www.linkedin.com\/company\/generalmarine\/"]}]}},"_links":{"self":[{"href":"https:\/\/vampa.eu\/it\/wp-json\/wp\/v2\/pages\/1568"}],"collection":[{"href":"https:\/\/vampa.eu\/it\/wp-json\/wp\/v2\/pages"}],"about":[{"href":"https:\/\/vampa.eu\/it\/wp-json\/wp\/v2\/types\/page"}],"author":[{"embeddable":true,"href":"https:\/\/vampa.eu\/it\/wp-json\/wp\/v2\/users\/1"}],"replies":[{"embeddable":true,"href":"https:\/\/vampa.eu\/it\/wp-json\/wp\/v2\/comments?post=1568"}],"version-history":[{"count":9,"href":"https:\/\/vampa.eu\/it\/wp-json\/wp\/v2\/pages\/1568\/revisions"}],"predecessor-version":[{"id":2274,"href":"https:\/\/vampa.eu\/it\/wp-json\/wp\/v2\/pages\/1568\/revisions\/2274"}],"up":[{"embeddable":true,"href":"https:\/\/vampa.eu\/it\/wp-json\/wp\/v2\/pages\/1567"}],"wp:attachment":[{"href":"https:\/\/vampa.eu\/it\/wp-json\/wp\/v2\/media?parent=1568"}],"curies":[{"name":"wp","href":"https:\/\/api.w.org\/{rel}","templated":true}]}}